{"id":387,"date":"2026-03-04T13:39:17","date_gmt":"2026-03-04T13:39:17","guid":{"rendered":"https:\/\/grandforest.hu\/about\/"},"modified":"2026-04-14T15:05:44","modified_gmt":"2026-04-14T15:05:44","slug":"rolunk","status":"publish","type":"page","link":"https:\/\/grandforest.hu\/en\/rolunk\/","title":{"rendered":"About Us"},"content":{"rendered":"<div class=\"wp-block-uagb-container uagb-block-a346fe34 alignfull uagb-is-root-container\"><div class=\"uagb-container-inner-blocks-wrap\">\n<div data-aos= \"zoom-in-right\" data-aos-duration=\"400\" data-aos-delay=\"0\" data-aos-easing=\"ease\" data-aos-once=\"true\" class=\"wp-block-uagb-info-box uagb-block-8efca8eb uagb-infobox__content-wrap  uagb-infobox-icon-above-title uagb-infobox-image-valign-top\"><div class=\"uagb-ifb-content\"><div class=\"uagb-ifb-title-wrap\"><h1 class=\"uagb-ifb-title\">About Us<\/h1><\/div><\/div><\/div>\n<\/div><\/div>\n\n\n\n<div class=\"wp-block-uagb-container uagb-block-45ccac18 alignfull uagb-is-root-container\"><div class=\"uagb-container-inner-blocks-wrap\">\n<div data-aos= \"fade-right\" data-aos-duration=\"400\" data-aos-delay=\"0\" data-aos-easing=\"ease\" data-aos-once=\"true\" class=\"wp-block-uagb-container uagb-block-22090f6a\">\n<div class=\"wp-block-uagb-info-box uagb-block-f9f23318 uagb-infobox__content-wrap  uagb-infobox-icon-above-title uagb-infobox-image-valign-top\"><div class=\"uagb-ifb-content\"><div class=\"uagb-ifb-title-wrap\"><h4 class=\"uagb-ifb-title\">At Grand Forest, we believe the true value of marketing lies not in the tools, but in the system behind them.<\/h4><\/div><p class=\"uagb-ifb-desc\">In today\u2019s market, there is an almost endless range of channels, platforms, and technologies available. Yet many businesses find that these elements do not come together into a system that truly works. We turn this complexity into a competitive advantage.<br><br>Our goal is to turn a \u201cforest\u201d of marketing tools into a clear, structured, and scalable growth system for our clients.<\/p><\/div><\/div>\n<\/div>\n\n\n\n<div data-aos= \"fade-left\" data-aos-duration=\"400\" data-aos-delay=\"0\" data-aos-easing=\"ease\" data-aos-once=\"true\" class=\"wp-block-uagb-container uagb-block-7bcc069a\">\n<div class=\"wp-block-uagb-image uagb-block-958bfa03 wp-block-uagb-image--layout-default wp-block-uagb-image--effect-static wp-block-uagb-image--align-none\"><figure class=\"wp-block-uagb-image__figure\"><img decoding=\"async\" srcset=\"https:\/\/grandforest.hu\/wp-content\/uploads\/2026\/03\/strategia-es-piackutatas.png ,https:\/\/grandforest.hu\/wp-content\/uploads\/2026\/03\/strategia-es-piackutatas.png 780w, https:\/\/grandforest.hu\/wp-content\/uploads\/2026\/03\/strategia-es-piackutatas.png 360w\" sizes=\"auto, (max-width: 480px) 150px\" src=\"https:\/\/grandforest.hu\/wp-content\/uploads\/2026\/03\/strategia-es-piackutatas.png\" alt=\"\" class=\"uag-image-856\" width=\"430\" height=\"350\" title=\"strat\u00e9gia \u00e9s piackutat\u00e1s\" loading=\"lazy\" role=\"img\"\/><\/figure><\/div>\n<\/div>\n<\/div><\/div>\n\n\n\n<div class=\"wp-block-uagb-container uagb-block-f1a4a40f alignfull uagb-is-root-container\"><div class=\"uagb-container-inner-blocks-wrap\">\n<div data-aos= \"fade-up\" data-aos-duration=\"400\" data-aos-delay=\"0\" data-aos-easing=\"ease\" data-aos-once=\"true\" class=\"wp-block-uagb-info-box uagb-block-3956e5cd uagb-infobox__content-wrap  uagb-infobox-icon-above-title uagb-infobox-image-valign-top\"><div class=\"uagb-ifb-content\"><div class=\"uagb-ifb-title-wrap\"><h2 class=\"uagb-ifb-title\">Our Approach<\/h2><\/div><p class=\"uagb-ifb-desc\">The foundation of our work is system-based thinking.<br><br>We don\u2019t believe in isolated campaigns or one-off solutions, but in unified structures where strategy, customer acquisition, technology, and data management work together and reinforce each other.<br><br>For us, marketing is not creative experimentation, but a measurable, continuously optimizable business process.<\/p><\/div><\/div>\n<\/div><\/div>\n\n\n\n<div data-aos= \"fade\" data-aos-duration=\"400\" data-aos-delay=\"0\" data-aos-easing=\"ease\" data-aos-once=\"true\" class=\"wp-block-uagb-container uagb-block-feca5dfb alignfull uagb-is-root-container\"><div class=\"uagb-container-inner-blocks-wrap\">\n<div class=\"wp-block-uagb-advanced-heading uagb-block-5230bfbb\"><h2 class=\"uagb-heading-text\">Our Values<\/h2><\/div>\n<\/div><\/div>\n\n\n\n<div data-aos= \"fade\" data-aos-duration=\"400\" data-aos-delay=\"0\" data-aos-easing=\"ease\" data-aos-once=\"true\" class=\"wp-block-uagb-container uagb-layout-grid uagb-block-7b395bfe alignfull uagb-is-root-container\"><div class=\"uagb-container-inner-blocks-wrap\">\n<div class=\"wp-block-uagb-info-box uagb-block-518fd425 uagb-infobox__content-wrap  uagb-infobox-icon-above-title uagb-infobox-image-valign-top wp-block-uagb-info-box--has-margin\"><div class=\"uagb-infobox-margin-wrapper\"><div class=\"uagb-ifb-content\"><div class=\"uagb-ifb-icon-wrap\"><div class=\"uagb-iconbox-icon-wrap uagb-infobox-shape-circle\"><svg xmlns=\"https:\/\/www.w3.org\/2000\/svg\" viewbox=\"0 0 640 512\"><path d=\"M286.3 155.1C287.4 161.9 288 168.9 288 175.1C288 183.1 287.4 190.1 286.3 196.9L308.5 216.7C315.5 223 318.4 232.1 314.7 241.7C312.4 246.1 309.9 252.2 307.1 257.2L304 262.6C300.1 267.6 297.7 272.4 294.2 277.1C288.5 284.7 278.5 287.2 269.5 284.2L241.2 274.9C230.5 283.8 218.3 290.9 205 295.9L198.1 324.9C197 334.2 189.8 341.6 180.4 342.8C173.7 343.6 166.9 344 160 344C153.1 344 146.3 343.6 139.6 342.8C130.2 341.6 122.1 334.2 121 324.9L114.1 295.9C101.7 290.9 89.5 283.8 78.75 274.9L50.53 284.2C41.54 287.2 31.52 284.7 25.82 277.1C22.28 272.4 18.98 267.5 15.94 262.5L12.92 257.2C10.13 252.2 7.592 247 5.324 241.7C1.62 232.1 4.458 223 11.52 216.7L33.7 196.9C32.58 190.1 31.1 183.1 31.1 175.1C31.1 168.9 32.58 161.9 33.7 155.1L11.52 135.3C4.458 128.1 1.62 119 5.324 110.3C7.592 104.1 10.13 99.79 12.91 94.76L15.95 89.51C18.98 84.46 22.28 79.58 25.82 74.89C31.52 67.34 41.54 64.83 50.53 67.79L78.75 77.09C89.5 68.25 101.7 61.13 114.1 56.15L121 27.08C122.1 17.8 130.2 10.37 139.6 9.231C146.3 8.418 153.1 8 160 8C166.9 8 173.7 8.418 180.4 9.23C189.8 10.37 197 17.8 198.1 27.08L205 56.15C218.3 61.13 230.5 68.25 241.2 77.09L269.5 67.79C278.5 64.83 288.5 67.34 294.2 74.89C297.7 79.56 300.1 84.42 304 89.44L307.1 94.83C309.9 99.84 312.4 105 314.7 110.3C318.4 119 315.5 128.1 308.5 135.3L286.3 155.1zM160 127.1C133.5 127.1 112 149.5 112 175.1C112 202.5 133.5 223.1 160 223.1C186.5 223.1 208 202.5 208 175.1C208 149.5 186.5 127.1 160 127.1zM484.9 478.3C478.1 479.4 471.1 480 464 480C456.9 480 449.9 479.4 443.1 478.3L423.3 500.5C416.1 507.5 407 510.4 398.3 506.7C393 504.4 387.8 501.9 382.8 499.1L377.4 496C372.4 492.1 367.6 489.7 362.9 486.2C355.3 480.5 352.8 470.5 355.8 461.5L365.1 433.2C356.2 422.5 349.1 410.3 344.1 397L315.1 390.1C305.8 389 298.4 381.8 297.2 372.4C296.4 365.7 296 358.9 296 352C296 345.1 296.4 338.3 297.2 331.6C298.4 322.2 305.8 314.1 315.1 313L344.1 306.1C349.1 293.7 356.2 281.5 365.1 270.8L355.8 242.5C352.8 233.5 355.3 223.5 362.9 217.8C367.6 214.3 372.5 210.1 377.5 207.9L382.8 204.9C387.8 202.1 392.1 199.6 398.3 197.3C407 193.6 416.1 196.5 423.3 203.5L443.1 225.7C449.9 224.6 456.9 224 464 224C471.1 224 478.1 224.6 484.9 225.7L504.7 203.5C511 196.5 520.1 193.6 529.7 197.3C535 199.6 540.2 202.1 545.2 204.9L550.5 207.9C555.5 210.1 560.4 214.3 565.1 217.8C572.7 223.5 575.2 233.5 572.2 242.5L562.9 270.8C571.8 281.5 578.9 293.7 583.9 306.1L612.9 313C622.2 314.1 629.6 322.2 630.8 331.6C631.6 338.3 632 345.1 632 352C632 358.9 631.6 365.7 630.8 372.4C629.6 381.8 622.2 389 612.9 390.1L583.9 397C578.9 410.3 571.8 422.5 562.9 433.2L572.2 461.5C575.2 470.5 572.7 480.5 565.1 486.2C560.4 489.7 555.6 492.1 550.6 496L545.2 499.1C540.2 501.9 534.1 504.4 529.7 506.7C520.1 510.4 511 507.5 504.7 500.5L484.9 478.3zM512 352C512 325.5 490.5 304 464 304C437.5 304 416 325.5 416 352C416 378.5 437.5 400 464 400C490.5 400 512 378.5 512 352z\"><\/path><\/svg><\/div><\/div><div class=\"uagb-ifb-title-wrap\"><h4 class=\"uagb-ifb-title\">System Thinking<\/h4><\/div><p class=\"uagb-ifb-desc\">We treat marketing as a unified structure, not as a collection of separate tools.<\/p><\/div><\/div><\/div>\n\n\n\n<div class=\"wp-block-uagb-info-box uagb-block-eded865f uagb-infobox__content-wrap  uagb-infobox-icon-above-title uagb-infobox-image-valign-top wp-block-uagb-info-box--has-margin\"><div class=\"uagb-infobox-margin-wrapper\"><div class=\"uagb-ifb-content\"><div class=\"uagb-ifb-icon-wrap\"><div class=\"uagb-iconbox-icon-wrap uagb-infobox-shape-circle\"><svg xmlns=\"https:\/\/www.w3.org\/2000\/svg\" viewbox=\"0 0 512 512\"><path d=\"M500.3 443.7l-119.7-119.7c27.22-40.41 40.65-90.9 33.46-144.7C401.8 87.79 326.8 13.32 235.2 1.723C99.01-15.51-15.51 99.01 1.724 235.2c11.6 91.64 86.08 166.7 177.6 178.9c53.8 7.189 104.3-6.236 144.7-33.46l119.7 119.7c15.62 15.62 40.95 15.62 56.57 0C515.9 484.7 515.9 459.3 500.3 443.7zM79.1 208c0-70.58 57.42-128 128-128s128 57.42 128 128c0 70.58-57.42 128-128 128S79.1 278.6 79.1 208z\"><\/path><\/svg><\/div><\/div><div class=\"uagb-ifb-title-wrap\"><h4 class=\"uagb-ifb-title\"><strong>Transparency<\/strong><\/h4><\/div><p class=\"uagb-ifb-desc\">Our clients gain a clear understanding of processes, results, and the reasoning behind decisions.<\/p><\/div><\/div><\/div>\n\n\n\n<div class=\"wp-block-uagb-info-box uagb-block-ed6c4c91 uagb-infobox__content-wrap  uagb-infobox-icon-above-title uagb-infobox-image-valign-top wp-block-uagb-info-box--has-margin\"><div class=\"uagb-infobox-margin-wrapper\"><div class=\"uagb-ifb-content\"><div class=\"uagb-ifb-icon-wrap\"><div class=\"uagb-iconbox-icon-wrap uagb-infobox-shape-circle\"><svg xmlns=\"https:\/\/www.w3.org\/2000\/svg\" viewbox=\"0 0 512 512\"><path d=\"M256 0C114.6 0 0 114.6 0 256s114.6 256 256 256s256-114.6 256-256S397.4 0 256 0zM256 128c17.67 0 32 14.33 32 32c0 17.67-14.33 32-32 32S224 177.7 224 160C224 142.3 238.3 128 256 128zM296 384h-80C202.8 384 192 373.3 192 360s10.75-24 24-24h16v-64H224c-13.25 0-24-10.75-24-24S210.8 224 224 224h32c13.25 0 24 10.75 24 24v88h16c13.25 0 24 10.75 24 24S309.3 384 296 384z\"><\/path><\/svg><\/div><\/div><div class=\"uagb-ifb-title-wrap\"><h4 class=\"uagb-ifb-title\"><strong>Data-Driven Operation<\/strong><\/h4><\/div><p class=\"uagb-ifb-desc\">We base our decisions on measurable data, not assumptions.<\/p><\/div><\/div><\/div>\n\n\n\n<div class=\"wp-block-uagb-info-box uagb-block-305beaaa uagb-infobox__content-wrap  uagb-infobox-icon-above-title uagb-infobox-image-valign-top wp-block-uagb-info-box--has-margin\"><div class=\"uagb-infobox-margin-wrapper\"><div class=\"uagb-ifb-content\"><div class=\"uagb-ifb-icon-wrap\"><div class=\"uagb-iconbox-icon-wrap uagb-infobox-shape-circle\"><svg xmlns=\"https:\/\/www.w3.org\/2000\/svg\" viewbox=\"0 0 640 512\"><path d=\"M622.3 271.1l-115.1-45.01c-4.125-1.629-12.62-3.754-22.25 0L369.8 271.1C359 275.2 352 285.1 352 295.1c0 111.6 68.75 188.8 132.9 213.9c9.625 3.75 18 1.625 22.25 0C558.4 489.9 640 420.5 640 295.1C640 285.1 633 275.2 622.3 271.1zM496 462.4V273.2l95.5 37.38C585.9 397.8 530.6 446 496 462.4zM224 256c70.7 0 128-57.31 128-128S294.7 0 224 0C153.3 0 96 57.31 96 128S153.3 256 224 256zM320.6 310.3C305.9 306.3 290.6 304 274.7 304H173.3C77.61 304 0 381.7 0 477.4C0 496.5 15.52 512 34.66 512H413.3c3.143 0 5.967-1.004 8.861-1.789C369.7 469.8 324.1 400.3 320.6 310.3z\"><\/path><\/svg><\/div><\/div><div class=\"uagb-ifb-title-wrap\"><h4 class=\"uagb-ifb-title\"><strong>Accountability<\/strong><\/h4><\/div><p class=\"uagb-ifb-desc\">We don\u2019t just make recommendations \u2014 we take responsibility for execution and results as well.<\/p><\/div><\/div><\/div>\n\n\n\n<div class=\"wp-block-uagb-info-box uagb-block-fe95b195 uagb-infobox__content-wrap  uagb-infobox-icon-above-title uagb-infobox-image-valign-top wp-block-uagb-info-box--has-margin\"><div class=\"uagb-infobox-margin-wrapper\"><div class=\"uagb-ifb-content\"><div class=\"uagb-ifb-icon-wrap\"><div class=\"uagb-iconbox-icon-wrap uagb-infobox-shape-circle\"><svg xmlns=\"https:\/\/www.w3.org\/2000\/svg\" viewbox=\"0 0 640 512\"><path d=\"M494.9 96.01c-38.78 0-75.22 15.09-102.6 42.5L320 210.8L247.8 138.5c-27.41-27.41-63.84-42.5-102.6-42.5C65.11 96.01 0 161.1 0 241.1v29.75c0 80.03 65.11 145.1 145.1 145.1c38.78 0 75.22-15.09 102.6-42.5L320 301.3l72.23 72.25c27.41 27.41 63.84 42.5 102.6 42.5C574.9 416 640 350.9 640 270.9v-29.75C640 161.1 574.9 96.01 494.9 96.01zM202.5 328.3c-15.31 15.31-35.69 23.75-57.38 23.75C100.4 352 64 315.6 64 270.9v-29.75c0-44.72 36.41-81.13 81.14-81.13c21.69 0 42.06 8.438 57.38 23.75l72.23 72.25L202.5 328.3zM576 270.9c0 44.72-36.41 81.13-81.14 81.13c-21.69 0-42.06-8.438-57.38-23.75l-72.23-72.25l72.23-72.25c15.31-15.31 35.69-23.75 57.38-23.75C539.6 160 576 196.4 576 241.1V270.9z\"><\/path><\/svg><\/div><\/div><div class=\"uagb-ifb-title-wrap\"><h4 class=\"uagb-ifb-title\"><strong>Long-Term Thinking<\/strong><\/h4><\/div><p class=\"uagb-ifb-desc\">We build sustainable growth systems that deliver results beyond the short term.<\/p><\/div><\/div><\/div>\n\n\n\n<div class=\"wp-block-uagb-info-box uagb-block-4dd2341a uagb-infobox__content-wrap  uagb-infobox-icon-above-title uagb-infobox-image-valign-top wp-block-uagb-info-box--has-margin\"><div class=\"uagb-infobox-margin-wrapper\"><div class=\"uagb-ifb-content\"><div class=\"uagb-ifb-icon-wrap\"><div class=\"uagb-iconbox-icon-wrap uagb-infobox-shape-circle\"><svg xmlns=\"https:\/\/www.w3.org\/2000\/svg\" viewbox=\"0 0 640 512\"><path d=\"M9.372 9.372C21.87-3.124 42.13-3.124 54.63 9.372L159.1 114.7V95.1C159.1 78.33 174.3 63.1 191.1 63.1C209.7 63.1 223.1 78.33 223.1 95.1V191.1C223.1 196.3 223.1 200.5 221.6 204.2C220 207.1 217.7 211.5 214.7 214.6L214.6 214.7C211.5 217.7 207.1 220 204.2 221.6C200.5 223.1 196.3 223.1 191.1 223.1H95.1C78.33 223.1 63.1 209.7 63.1 191.1C63.1 174.3 78.33 159.1 95.1 159.1H114.7L9.372 54.63C-3.124 42.13-3.124 21.87 9.372 9.372V9.372zM384 256C384 291.3 355.3 320 320 320C284.7 320 256 291.3 256 256C256 220.7 284.7 192 320 192C355.3 192 384 220.7 384 256zM96 352C78.33 352 64 337.7 64 320C64 302.3 78.33 288 96 288H192H192.1C200.9 288 208.8 291.6 214.6 297.3L214.7 297.4C217.7 300.5 220 304 221.6 307.8C223.1 311.5 224 315.7 224 319.1V416C224 433.7 209.7 448 192 448C174.3 448 160 433.7 160 416V397.3L54.63 502.6C42.13 515.1 21.87 515.1 9.373 502.6C-3.124 490.1-3.124 469.9 9.373 457.4L114.7 352L96 352zM448 64C465.7 64 480 78.33 480 96V114.7L585.4 9.373C597.9-3.124 618.1-3.124 630.6 9.373C643.1 21.87 643.1 42.13 630.6 54.63L525.3 160H544C561.7 160 576 174.3 576 192C576 209.7 561.7 224 544 224H448C439.2 224 431.2 220.4 425.4 214.7L425.3 214.6C422.3 211.5 419.1 207.1 418.4 204.2C416.9 200.5 416 196.4 416 192.1V191.1V96C416 78.33 430.3 64 448 64H448zM525.3 352L630.6 457.4C643.1 469.9 643.1 490.1 630.6 502.6C618.1 515.1 597.9 515.1 585.4 502.6L480 397.3V416C480 433.7 465.7 448 448 448C430.3 448 416 433.7 416 416V320C416 319.1 416 319.9 416 319.9C416 315.6 416.9 311.5 418.4 307.8C419.1 303.1 422.3 300.4 425.4 297.4C431.1 291.6 439.1 288 447.9 288C447.9 288 447.1 288 448 288H544C561.7 288 576 302.3 576 320C576 337.7 561.7 352 544 352L525.3 352z\"><\/path><\/svg><\/div><\/div><div class=\"uagb-ifb-title-wrap\"><h4 class=\"uagb-ifb-title\"><strong>Integrated Operation<\/strong><\/h4><\/div><p class=\"uagb-ifb-desc\">We align marketing, technology, and sales into a unified system, ensuring every element serves the same objective.<\/p><\/div><\/div><\/div>\n<\/div><\/div>\n\n\n\n<div class=\"wp-block-uagb-container uagb-layout-grid uagb-block-c819cb22 alignfull uagb-is-root-container\"><div class=\"uagb-container-inner-blocks-wrap\">\n<div data-aos= \"zoom-in\" data-aos-duration=\"400\" data-aos-delay=\"0\" data-aos-easing=\"ease\" data-aos-once=\"true\" class=\"wp-block-uagb-info-box uagb-block-19c8a2c2 uagb-infobox__content-wrap  uagb-infobox-icon-above-title uagb-infobox-image-valign-top\"><div class=\"uagb-ifb-content\"><div class=\"uagb-ifb-title-wrap\"><h5 class=\"uagb-ifb-title-prefix\">Have a question?<\/h5><h2 class=\"uagb-ifb-title\">Get in touch with us!<\/h2><\/div><p class=\"uagb-ifb-desc\">Let\u2019s discuss how we can support the growth of your business.<\/p><\/div><\/div>\n\n\n\n<div class=\"wp-block-uagb-buttons uagb-buttons__outer-wrap uagb-btn__default-btn uagb-btn-tablet__default-btn uagb-btn-mobile__default-btn uagb-block-15041b33\"><div class=\"uagb-buttons__wrap uagb-buttons-layout-wrap\">\n<div class=\"wp-block-uagb-buttons-child uagb-buttons__outer-wrap uagb-block-162a6ccd wp-block-button\"><div class=\"uagb-button__wrapper\"><a class=\"uagb-buttons-repeater wp-block-button__link\" aria-label=\"\" href=\"https:\/\/grandforest.hu\/en\/kapcsolat\/\" rel=\"follow noopener\" target=\"_self\" role=\"button\"><div class=\"uagb-button__link\">Contact<\/div><\/a><\/div><\/div>\n<\/div><\/div>\n<\/div><\/div>\n\n\n\n<p><\/p>","protected":false},"excerpt":{"rendered":"<p>Our Values<\/p>","protected":false},"author":1,"featured_media":0,"parent":0,"menu_order":0,"comment_status":"closed","ping_status":"closed","template":"","meta":{"om_disable_all_campaigns":false,"_uag_custom_page_level_css":"","_monsterinsights_skip_tracking":false,"_monsterinsights_sitenote_active":false,"_monsterinsights_sitenote_note":"","_monsterinsights_sitenote_category":0,"site-sidebar-layout":"no-sidebar","site-content-layout":"","ast-site-content-layout":"full-width-container","site-content-style":"default","site-sidebar-style":"default","ast-global-header-display":"","ast-banner-title-visibility":"disabled","ast-main-header-display":"","ast-hfb-above-header-display":"","ast-hfb-below-header-display":"","ast-hfb-mobile-header-display":"","site-post-title":"disabled","ast-breadcrumbs-content":"","ast-featured-img":"","footer-sml-layout":"","ast-disable-related-posts":"","theme-transparent-header-meta":"enabled","adv-header-id-meta":"","stick-header-meta":"","header-above-stick-meta":"","header-main-stick-meta":"","header-below-stick-meta":"","astra-migrate-meta-layouts":"set","ast-page-background-enabled":"default","ast-page-background-meta":{"desktop":{"background-color":"","background-image":"","background-repeat":"repeat","background-position":"center center","background-size":"auto","background-attachment":"scroll","background-type":"","background-media":"","overlay-type":"","overlay-color":"","overlay-opacity":"","overlay-gradient":""},"tablet":{"background-color":"","background-image":"","background-repeat":"repeat","background-position":"center center","background-size":"auto","background-attachment":"scroll","background-type":"","background-media":"","overlay-type":"","overlay-color":"","overlay-opacity":"","overlay-gradient":""},"mobile":{"background-color":"","background-image":"","background-repeat":"repeat","background-position":"center center","background-size":"auto","background-attachment":"scroll","background-type":"","background-media":"","overlay-type":"","overlay-color":"","overlay-opacity":"","overlay-gradient":""}},"ast-content-background-meta":{"desktop":{"background-color":"var(--ast-global-color-4)","background-image":"","background-repeat":"repeat","background-position":"center center","background-size":"auto","background-attachment":"scroll","background-type":"","background-media":"","overlay-type":"","overlay-color":"","overlay-opacity":"","overlay-gradient":""},"tablet":{"background-color":"var(--ast-global-color-4)","background-image":"","background-repeat":"repeat","background-position":"center center","background-size":"auto","background-attachment":"scroll","background-type":"","background-media":"","overlay-type":"","overlay-color":"","overlay-opacity":"","overlay-gradient":""},"mobile":{"background-color":"var(--ast-global-color-4)","background-image":"","background-repeat":"repeat","background-position":"center center","background-size":"auto","background-attachment":"scroll","background-type":"","background-media":"","overlay-type":"","overlay-color":"","overlay-opacity":"","overlay-gradient":""}},"footnotes":""},"class_list":["post-387","page","type-page","status-publish","hentry"],"aioseo_notices":[],"_hostinger_reach_plugin_has_subscription_block":false,"_hostinger_reach_plugin_is_elementor":false,"uagb_featured_image_src":{"full":false,"thumbnail":false,"medium":false,"medium_large":false,"large":false,"1536x1536":false,"2048x2048":false,"trp-custom-language-flag":false},"uagb_author_info":{"display_name":"grandforest.hu@gmail.com","author_link":"https:\/\/grandforest.hu\/en\/author\/grandforest-hugmail-com\/"},"uagb_comment_info":0,"uagb_excerpt":"\u00c9rt\u00e9keink","_links":{"self":[{"href":"https:\/\/grandforest.hu\/en\/wp-json\/wp\/v2\/pages\/387","targetHints":{"allow":["GET"]}}],"collection":[{"href":"https:\/\/grandforest.hu\/en\/wp-json\/wp\/v2\/pages"}],"about":[{"href":"https:\/\/grandforest.hu\/en\/wp-json\/wp\/v2\/types\/page"}],"author":[{"embeddable":true,"href":"https:\/\/grandforest.hu\/en\/wp-json\/wp\/v2\/users\/1"}],"replies":[{"embeddable":true,"href":"https:\/\/grandforest.hu\/en\/wp-json\/wp\/v2\/comments?post=387"}],"version-history":[{"count":10,"href":"https:\/\/grandforest.hu\/en\/wp-json\/wp\/v2\/pages\/387\/revisions"}],"predecessor-version":[{"id":973,"href":"https:\/\/grandforest.hu\/en\/wp-json\/wp\/v2\/pages\/387\/revisions\/973"}],"wp:attachment":[{"href":"https:\/\/grandforest.hu\/en\/wp-json\/wp\/v2\/media?parent=387"}],"curies":[{"name":"wp","href":"https:\/\/api.w.org\/{rel}","templated":true}]}}